{"id":4686,"date":"2019-11-20T09:59:04","date_gmt":"2019-11-20T08:59:04","guid":{"rendered":"https:\/\/www.pierre-amadieu.com\/our-wines\/map-of-rhone-valley-vineyards\/"},"modified":"2019-12-18T17:37:51","modified_gmt":"2019-12-18T16:37:51","slug":"map-of-the-rhone-valley-vineyards","status":"publish","type":"page","link":"https:\/\/www.pierre-amadieu.com\/en\/our-wines-from-gigondas-and-the-rhone-valley\/map-of-the-rhone-valley-vineyards\/","title":{"rendered":"Map of the Rhone Valley vineyards"},"content":{"rendered":"\t\t<div data-elementor-type=\"wp-post\" data-elementor-id=\"4686\" class=\"elementor elementor-4686 elementor-3932\" data-elementor-post-type=\"page\">\n\t\t\t\t\t\t<section class=\"elementor-section elementor-top-section elementor-element elementor-element-6044018 elementor-section-boxed elementor-section-height-default elementor-section-height-default\" data-id=\"6044018\" data-element_type=\"section\" data-e-type=\"section\">\n\t\t\t\t\t\t<div class=\"elementor-container elementor-column-gap-default\">\n\t\t\t\t\t<div class=\"elementor-column elementor-col-100 elementor-top-column elementor-element elementor-element-f1b02e0\" data-id=\"f1b02e0\" data-element_type=\"column\" data-e-type=\"column\">\n\t\t\t<div class=\"elementor-widget-wrap elementor-element-populated\">\n\t\t\t\t\t\t<div class=\"elementor-element elementor-element-3141483 elementor-widget elementor-widget-heading\" data-id=\"3141483\" data-element_type=\"widget\" data-e-type=\"widget\" data-widget_type=\"heading.default\">\n\t\t\t\t<div class=\"elementor-widget-container\">\n\t\t\t\t\t<h2 class=\"elementor-heading-title elementor-size-default\">Map of Rhone Valley vineyards<\/h2>\t\t\t\t<\/div>\n\t\t\t\t<\/div>\n\t\t\t\t<div class=\"elementor-element elementor-element-4ea0c51 elementor-widget-divider--view-line elementor-widget elementor-widget-divider\" data-id=\"4ea0c51\" data-element_type=\"widget\" data-e-type=\"widget\" data-widget_type=\"divider.default\">\n\t\t\t\t<div class=\"elementor-widget-container\">\n\t\t\t\t\t\t\t<div class=\"elementor-divider\">\n\t\t\t<span class=\"elementor-divider-separator\">\n\t\t\t\t\t\t<\/span>\n\t\t<\/div>\n\t\t\t\t\t\t<\/div>\n\t\t\t\t<\/div>\n\t\t\t\t\t<\/div>\n\t\t<\/div>\n\t\t\t\t\t<\/div>\n\t\t<\/section>\n\t\t\t\t<section class=\"elementor-section elementor-top-section elementor-element elementor-element-b054579 elementor-hidden-tablet elementor-hidden-phone elementor-section-boxed elementor-section-height-default elementor-section-height-default\" data-id=\"b054579\" data-element_type=\"section\" data-e-type=\"section\">\n\t\t\t\t\t\t<div class=\"elementor-container elementor-column-gap-default\">\n\t\t\t\t\t<div class=\"elementor-column elementor-col-50 elementor-top-column elementor-element elementor-element-9648b7a elementor-hidden-tablet elementor-hidden-phone\" data-id=\"9648b7a\" data-element_type=\"column\" data-e-type=\"column\">\n\t\t\t<div class=\"elementor-widget-wrap elementor-element-populated\">\n\t\t\t\t\t\t<div class=\"elementor-element elementor-element-d96bc36 elementor-widget elementor-widget-image\" data-id=\"d96bc36\" data-element_type=\"widget\" data-e-type=\"widget\" data-widget_type=\"image.default\">\n\t\t\t\t<div class=\"elementor-widget-container\">\n\t\t\t\t\t\t\t\t\t\t\t\t\t\t\t<img fetchpriority=\"high\" decoding=\"async\" width=\"731\" height=\"1024\" src=\"https:\/\/www.pierre-amadieu.com\/wp-content\/uploads\/2019\/05\/Carte-Vall\u00e9e-du-Rhone-crus-Amadieu-crozes-gris-731x1024.png\" class=\"attachment-large size-large wp-image-3938\" alt=\"Map of Rhone Valley crus Amadieu\" srcset=\"https:\/\/www.pierre-amadieu.com\/wp-content\/uploads\/2019\/05\/Carte-Vall\u00e9e-du-Rhone-crus-Amadieu-crozes-gris-731x1024.png 731w, https:\/\/www.pierre-amadieu.com\/wp-content\/uploads\/2019\/05\/Carte-Vall\u00e9e-du-Rhone-crus-Amadieu-crozes-gris-214x300.png 214w, https:\/\/www.pierre-amadieu.com\/wp-content\/uploads\/2019\/05\/Carte-Vall\u00e9e-du-Rhone-crus-Amadieu-crozes-gris-768x1075.png 768w, https:\/\/www.pierre-amadieu.com\/wp-content\/uploads\/2019\/05\/Carte-Vall\u00e9e-du-Rhone-crus-Amadieu-crozes-gris.png 1417w\" sizes=\"(max-width: 731px) 100vw, 731px\" \/>\t\t\t\t\t\t\t\t\t\t\t\t\t\t\t<\/div>\n\t\t\t\t<\/div>\n\t\t\t\t\t<\/div>\n\t\t<\/div>\n\t\t\t\t<div class=\"elementor-column elementor-col-50 elementor-top-column elementor-element elementor-element-faad5d2\" data-id=\"faad5d2\" data-element_type=\"column\" data-e-type=\"column\">\n\t\t\t<div class=\"elementor-widget-wrap elementor-element-populated\">\n\t\t\t\t\t\t<div class=\"elementor-element elementor-element-9d90c89 elementor-widget elementor-widget-text-editor\" data-id=\"9d90c89\" data-element_type=\"widget\" data-e-type=\"widget\" data-widget_type=\"text-editor.default\">\n\t\t\t\t<div class=\"elementor-widget-container\">\n\t\t\t\t\t\t\t\t\t<div><a href=\"https:\/\/www.pierre-amadieu.com\/en\/our-wines-from-gigondas-and-the-rhone-valley\/saint-joseph-red-wine-from-the-rhone-valley\/\" target=\"_blank\" rel=\"noopener\">Saint Joseph<\/a><\/div>\t\t\t\t\t\t\t\t<\/div>\n\t\t\t\t<\/div>\n\t\t\t\t<div class=\"elementor-element elementor-element-e3f2a1e elementor-widget elementor-widget-text-editor\" data-id=\"e3f2a1e\" data-element_type=\"widget\" data-e-type=\"widget\" data-widget_type=\"text-editor.default\">\n\t\t\t\t<div class=\"elementor-widget-container\">\n\t\t\t\t\t\t\t\t\t<p><a href=\"https:\/\/www.pierre-amadieu.com\/en\/our-wines-from-gigondas-and-the-rhone-valley\/vinsobres-red-wine-from-the-rhone-valley\/\" target=\"_blank\" rel=\"noopener\">Vinsobres<\/a><\/p><p><a href=\"https:\/\/www.pierre-amadieu.com\/en\/our-wines-from-gigondas-and-the-rhone-valley\/cotes-du-rhone-red-white-rose-wine-aoc\/\" target=\"_blank\" rel=\"noopener\">C\u00f4tes du Rh\u00f4ne<\/a><\/p><p><a href=\"https:\/\/www.pierre-amadieu.com\/en\/our-wines-from-gigondas-and-the-rhone-valley\/cairanne-red-and-white-wine-from-the-rhone-valley\/\" target=\"_blank\" rel=\"noopener\">Cairanne<\/a><\/p><p><a href=\"https:\/\/www.pierre-amadieu.com\/en\/our-wines-from-gigondas-and-the-rhone-valley\/gigondas-rose-and-red-wine-from-the-rhone-valley\/\" target=\"_blank\" rel=\"noopener\">Gigondas<\/a><\/p><p><a href=\"https:\/\/www.pierre-amadieu.com\/en\/our-wines-from-gigondas-and-the-rhone-valley\/vacqueyras-red-wine-from-the-rhone-valley\/\">Vacqueyras<\/a><\/p><p><a href=\"https:\/\/www.pierre-amadieu.com\/en\/our-wines-from-gigondas-and-the-rhone-valley\/muscat-de-beaumes-de-venise-natural-sweet-wine\/\">Beaumes de Venise<\/a><\/p><p><a href=\"https:\/\/www.pierre-amadieu.com\/en\/our-wines-from-gigondas-and-the-rhone-valley\/chateauneuf-du-pape-red-and-white-wine\/\">Ch\u00e2teauneuf du Pape<\/a><\/p><p><a href=\"https:\/\/www.pierre-amadieu.com\/en\/our-wines-from-gigondas-and-the-rhone-valley\/tavel-rose-wine-from-the-rhone-valley\/\">Tavel<\/a><\/p><p><a href=\"https:\/\/www.pierre-amadieu.com\/en\/our-wines-from-gigondas-and-the-rhone-valley\/ventoux-red-rose-wine-appellation-rhone\/\">Ventoux<\/a><\/p><p><a href=\"https:\/\/www.pierre-amadieu.com\/en\/our-wines-from-gigondas-and-the-rhone-valley\/vin-de-pays-dry-white-wine-viognier-rhone\/\">Vin de Pays de Mediterran\u00e9e<\/a><\/p>\t\t\t\t\t\t\t\t<\/div>\n\t\t\t\t<\/div>\n\t\t\t\t\t<\/div>\n\t\t<\/div>\n\t\t\t\t\t<\/div>\n\t\t<\/section>\n\t\t\t\t<section class=\"elementor-section elementor-top-section elementor-element elementor-element-05713ef elementor-hidden-desktop elementor-section-boxed elementor-section-height-default elementor-section-height-default\" data-id=\"05713ef\" data-element_type=\"section\" data-e-type=\"section\">\n\t\t\t\t\t\t<div class=\"elementor-container elementor-column-gap-default\">\n\t\t\t\t\t<div class=\"elementor-column elementor-col-50 elementor-top-column elementor-element elementor-element-314f964 elementor-hidden-tablet elementor-hidden-phone\" data-id=\"314f964\" data-element_type=\"column\" data-e-type=\"column\">\n\t\t\t<div class=\"elementor-widget-wrap elementor-element-populated\">\n\t\t\t\t\t\t<div class=\"elementor-element elementor-element-8efe992 elementor-widget elementor-widget-image\" data-id=\"8efe992\" data-element_type=\"widget\" data-e-type=\"widget\" data-widget_type=\"image.default\">\n\t\t\t\t<div class=\"elementor-widget-container\">\n\t\t\t\t\t\t\t\t\t\t\t\t\t\t\t<img fetchpriority=\"high\" decoding=\"async\" width=\"731\" height=\"1024\" src=\"https:\/\/www.pierre-amadieu.com\/wp-content\/uploads\/2019\/05\/Carte-Vall\u00e9e-du-Rhone-crus-Amadieu-crozes-gris-731x1024.png\" class=\"attachment-large size-large wp-image-3938\" alt=\"Map of Rhone Valley crus Amadieu\" srcset=\"https:\/\/www.pierre-amadieu.com\/wp-content\/uploads\/2019\/05\/Carte-Vall\u00e9e-du-Rhone-crus-Amadieu-crozes-gris-731x1024.png 731w, https:\/\/www.pierre-amadieu.com\/wp-content\/uploads\/2019\/05\/Carte-Vall\u00e9e-du-Rhone-crus-Amadieu-crozes-gris-214x300.png 214w, https:\/\/www.pierre-amadieu.com\/wp-content\/uploads\/2019\/05\/Carte-Vall\u00e9e-du-Rhone-crus-Amadieu-crozes-gris-768x1075.png 768w, https:\/\/www.pierre-amadieu.com\/wp-content\/uploads\/2019\/05\/Carte-Vall\u00e9e-du-Rhone-crus-Amadieu-crozes-gris.png 1417w\" sizes=\"(max-width: 731px) 100vw, 731px\" \/>\t\t\t\t\t\t\t\t\t\t\t\t\t\t\t<\/div>\n\t\t\t\t<\/div>\n\t\t\t\t\t<\/div>\n\t\t<\/div>\n\t\t\t\t<div class=\"elementor-column elementor-col-50 elementor-top-column elementor-element elementor-element-3803982\" data-id=\"3803982\" data-element_type=\"column\" data-e-type=\"column\">\n\t\t\t<div class=\"elementor-widget-wrap elementor-element-populated\">\n\t\t\t\t\t\t<div class=\"elementor-element elementor-element-a04a6fd elementor-widget elementor-widget-text-editor\" data-id=\"a04a6fd\" data-element_type=\"widget\" data-e-type=\"widget\" data-widget_type=\"text-editor.default\">\n\t\t\t\t<div class=\"elementor-widget-container\">\n\t\t\t\t\t\t\t\t\t<div><a href=\"\/?page_id=1875\" target=\"_blank\">Saint Joseph<\/a><\/div>\n\t\t\t\t\t\t\t\t<\/div>\n\t\t\t\t<\/div>\n\t\t\t\t<div class=\"elementor-element elementor-element-167fede elementor-widget elementor-widget-text-editor\" data-id=\"167fede\" data-element_type=\"widget\" data-e-type=\"widget\" data-widget_type=\"text-editor.default\">\n\t\t\t\t<div class=\"elementor-widget-container\">\n\t\t\t\t\t\t\t\t\t<p><a href=\"\/?page_id=1870\" target=\"_blank\" rel=\"noopener\">Vinsobres<\/a><\/p>\n<p><a href=\"https:\/\/www.pierre-amadieu.com\/nos-vins\/cotes-du-rhone-vin-rouge-blanc-rose-aoc\/\" target=\"_blank\" rel=\"noopener\">C\u00f4tes du Rh\u00f4ne<\/a><\/p>\n<p><a href=\"https:\/\/www.pierre-amadieu.com\/nos-vins\/cairanne-vin-rouge-blanc-appellation-rhone\/\" target=\"_blank\" rel=\"noopener\">Cairanne<\/a><\/p>\n<p><a href=\"https:\/\/www.pierre-amadieu.com\/nos-vins\/gigondas-vin-rouge-rose-appellation-rhone\/\" target=\"_blank\" rel=\"noopener\">Gigondas<\/a><\/p>\n<p><a href=\"\/?page_id=1857\">Vacqueyras<\/a><\/p>\n<p><a href=\"https:\/\/www.pierre-amadieu.com\/nos-vins\/muscat-beaumes-de-venise-vin-doux-naturel\/\">Beaumes de Venise<\/a><\/p>\n<p><a href=\"https:\/\/www.pierre-amadieu.com\/nos-vins\/chateauneuf-du-pape-vin-rouge-blanc-aoc\/\">Ch\u00e2teauneuf du Pape<\/a><\/p>\n<p><a href=\"https:\/\/www.pierre-amadieu.com\/nos-vins\/tavel-vin-rose-appellation-rhone\/\">Tavel<\/a><\/p>\n<p><a href=\"https:\/\/www.pierre-amadieu.com\/nos-vins\/tavel-vin-rose-appellation-rhone\/\">Ventoux<\/a><\/p>\n<p><a href=\"https:\/\/www.pierre-amadieu.com\/nos-vins\/vin-de-pays-blanc-sec-viognier-rhone\/\">Vin de Pays de Mediterran\u00e9e<\/a><\/p>\n\t\t\t\t\t\t\t\t<\/div>\n\t\t\t\t<\/div>\n\t\t\t\t\t<\/div>\n\t\t<\/div>\n\t\t\t\t\t<\/div>\n\t\t<\/section>\n\t\t\t\t<\/div>\n\t\t","protected":false},"excerpt":{"rendered":"<p>Map of Rhone Valley vineyards Saint Joseph Vinsobres C\u00f4tes du Rh\u00f4ne Cairanne Gigondas Vacqueyras Beaumes de Venise Ch\u00e2teauneuf du Pape Tavel Ventoux Vin de Pays de Mediterran\u00e9e Saint Joseph Vinsobres C\u00f4tes du Rh\u00f4ne Cairanne Gigondas Vacqueyras Beaumes de Venise Ch\u00e2teauneuf du Pape Tavel Ventoux Vin de Pays de Mediterran\u00e9e<\/p>\n","protected":false},"author":5,"featured_media":0,"parent":2135,"menu_order":0,"comment_status":"closed","ping_status":"closed","template":"","meta":{"_acf_changed":false,"ocean_post_layout":"","ocean_both_sidebars_style":"","ocean_both_sidebars_content_width":0,"ocean_both_sidebars_sidebars_width":0,"ocean_sidebar":"","ocean_second_sidebar":"","ocean_disable_margins":"enable","ocean_add_body_class":"","ocean_shortcode_before_top_bar":"","ocean_shortcode_after_top_bar":"","ocean_shortcode_before_header":"","ocean_shortcode_after_header":"","ocean_has_shortcode":"","ocean_shortcode_after_title":"","ocean_shortcode_before_footer_widgets":"","ocean_shortcode_after_footer_widgets":"","ocean_shortcode_before_footer_bottom":"","ocean_shortcode_after_footer_bottom":"","ocean_display_top_bar":"default","ocean_display_header":"default","ocean_header_style":"","ocean_center_header_left_menu":"","ocean_custom_header_template":"","ocean_custom_logo":0,"ocean_custom_retina_logo":0,"ocean_custom_logo_max_width":0,"ocean_custom_logo_tablet_max_width":0,"ocean_custom_logo_mobile_max_width":0,"ocean_custom_logo_max_height":0,"ocean_custom_logo_tablet_max_height":0,"ocean_custom_logo_mobile_max_height":0,"ocean_header_custom_menu":"","ocean_menu_typo_font_family":"","ocean_menu_typo_font_subset":"","ocean_menu_typo_font_size":0,"ocean_menu_typo_font_size_tablet":0,"ocean_menu_typo_font_size_mobile":0,"ocean_menu_typo_font_size_unit":"px","ocean_menu_typo_font_weight":"","ocean_menu_typo_font_weight_tablet":"","ocean_menu_typo_font_weight_mobile":"","ocean_menu_typo_transform":"","ocean_menu_typo_transform_tablet":"","ocean_menu_typo_transform_mobile":"","ocean_menu_typo_line_height":0,"ocean_menu_typo_line_height_tablet":0,"ocean_menu_typo_line_height_mobile":0,"ocean_menu_typo_line_height_unit":"","ocean_menu_typo_spacing":0,"ocean_menu_typo_spacing_tablet":0,"ocean_menu_typo_spacing_mobile":0,"ocean_menu_typo_spacing_unit":"","ocean_menu_link_color":"","ocean_menu_link_color_hover":"","ocean_menu_link_color_active":"","ocean_menu_link_background":"","ocean_menu_link_hover_background":"","ocean_menu_link_active_background":"","ocean_menu_social_links_bg":"","ocean_menu_social_hover_links_bg":"","ocean_menu_social_links_color":"","ocean_menu_social_hover_links_color":"","ocean_disable_title":"default","ocean_disable_heading":"default","ocean_post_title":"","ocean_post_subheading":"","ocean_post_title_style":"","ocean_post_title_background_color":"","ocean_post_title_background":0,"ocean_post_title_bg_image_position":"","ocean_post_title_bg_image_attachment":"","ocean_post_title_bg_image_repeat":"","ocean_post_title_bg_image_size":"","ocean_post_title_height":0,"ocean_post_title_bg_overlay":0.5,"ocean_post_title_bg_overlay_color":"","ocean_disable_breadcrumbs":"default","ocean_breadcrumbs_color":"","ocean_breadcrumbs_separator_color":"","ocean_breadcrumbs_links_color":"","ocean_breadcrumbs_links_hover_color":"","ocean_display_footer_widgets":"default","ocean_display_footer_bottom":"default","ocean_custom_footer_template":"","footnotes":""},"class_list":["post-4686","page","type-page","status-publish","hentry","entry"],"acf":[],"yoast_head":"<!-- This site is optimized with the Yoast SEO plugin v27.3 - https:\/\/yoast.com\/product\/yoast-seo-wordpress\/ -->\n<title>Map of the Rhone Valley vineyards - Pierre Amadieu<\/title>\n<meta name=\"robots\" content=\"index, follow, max-snippet:-1, max-image-preview:large, max-video-preview:-1\" \/>\n<link rel=\"canonical\" href=\"https:\/\/www.pierre-amadieu.com\/en\/our-wines-from-gigondas-and-the-rhone-valley\/map-of-the-rhone-valley-vineyards\/\" \/>\n<meta property=\"og:locale\" content=\"en_US\" \/>\n<meta property=\"og:type\" content=\"article\" \/>\n<meta property=\"og:title\" content=\"Map of the Rhone Valley vineyards - Pierre Amadieu\" \/>\n<meta property=\"og:description\" content=\"Map of Rhone Valley vineyards Saint Joseph Vinsobres C\u00f4tes du Rh\u00f4ne Cairanne Gigondas Vacqueyras Beaumes de Venise Ch\u00e2teauneuf du Pape Tavel Ventoux Vin de Pays de Mediterran\u00e9e Saint Joseph Vinsobres C\u00f4tes du Rh\u00f4ne Cairanne Gigondas Vacqueyras Beaumes de Venise Ch\u00e2teauneuf du Pape Tavel Ventoux Vin de Pays de Mediterran\u00e9e\" \/>\n<meta property=\"og:url\" content=\"https:\/\/www.pierre-amadieu.com\/en\/our-wines-from-gigondas-and-the-rhone-valley\/map-of-the-rhone-valley-vineyards\/\" \/>\n<meta property=\"og:site_name\" content=\"Pierre Amadieu\" \/>\n<meta property=\"article:publisher\" content=\"https:\/\/www.facebook.com\/amadieu.pierre\" \/>\n<meta property=\"article:modified_time\" content=\"2019-12-18T16:37:51+00:00\" \/>\n<meta name=\"twitter:card\" content=\"summary_large_image\" \/>\n<script type=\"application\/ld+json\" class=\"yoast-schema-graph\">{\"@context\":\"https:\\\/\\\/schema.org\",\"@graph\":[{\"@type\":\"WebPage\",\"@id\":\"https:\\\/\\\/www.pierre-amadieu.com\\\/en\\\/our-wines-from-gigondas-and-the-rhone-valley\\\/map-of-the-rhone-valley-vineyards\\\/\",\"url\":\"https:\\\/\\\/www.pierre-amadieu.com\\\/en\\\/our-wines-from-gigondas-and-the-rhone-valley\\\/map-of-the-rhone-valley-vineyards\\\/\",\"name\":\"Map of the Rhone Valley vineyards - Pierre Amadieu\",\"isPartOf\":{\"@id\":\"https:\\\/\\\/www.pierre-amadieu.com\\\/en\\\/#website\"},\"datePublished\":\"2019-11-20T08:59:04+00:00\",\"dateModified\":\"2019-12-18T16:37:51+00:00\",\"breadcrumb\":{\"@id\":\"https:\\\/\\\/www.pierre-amadieu.com\\\/en\\\/our-wines-from-gigondas-and-the-rhone-valley\\\/map-of-the-rhone-valley-vineyards\\\/#breadcrumb\"},\"inLanguage\":\"en-US\",\"potentialAction\":[{\"@type\":\"ReadAction\",\"target\":[\"https:\\\/\\\/www.pierre-amadieu.com\\\/en\\\/our-wines-from-gigondas-and-the-rhone-valley\\\/map-of-the-rhone-valley-vineyards\\\/\"]}]},{\"@type\":\"BreadcrumbList\",\"@id\":\"https:\\\/\\\/www.pierre-amadieu.com\\\/en\\\/our-wines-from-gigondas-and-the-rhone-valley\\\/map-of-the-rhone-valley-vineyards\\\/#breadcrumb\",\"itemListElement\":[{\"@type\":\"ListItem\",\"position\":1,\"name\":\"Accueil\",\"item\":\"https:\\\/\\\/www.pierre-amadieu.com\\\/en\\\/\"},{\"@type\":\"ListItem\",\"position\":2,\"name\":\"Our Wines\",\"item\":\"https:\\\/\\\/www.pierre-amadieu.com\\\/en\\\/our-wines-from-gigondas-and-the-rhone-valley\\\/\"},{\"@type\":\"ListItem\",\"position\":3,\"name\":\"Map of the Rhone Valley vineyards\"}]},{\"@type\":\"WebSite\",\"@id\":\"https:\\\/\\\/www.pierre-amadieu.com\\\/en\\\/#website\",\"url\":\"https:\\\/\\\/www.pierre-amadieu.com\\\/en\\\/\",\"name\":\"Pierre Amadieu\",\"description\":\"\",\"publisher\":{\"@id\":\"https:\\\/\\\/www.pierre-amadieu.com\\\/en\\\/#organization\"},\"potentialAction\":[{\"@type\":\"SearchAction\",\"target\":{\"@type\":\"EntryPoint\",\"urlTemplate\":\"https:\\\/\\\/www.pierre-amadieu.com\\\/en\\\/?s={search_term_string}\"},\"query-input\":{\"@type\":\"PropertyValueSpecification\",\"valueRequired\":true,\"valueName\":\"search_term_string\"}}],\"inLanguage\":\"en-US\"},{\"@type\":\"Organization\",\"@id\":\"https:\\\/\\\/www.pierre-amadieu.com\\\/en\\\/#organization\",\"name\":\"Pierre Amadieu\",\"url\":\"https:\\\/\\\/www.pierre-amadieu.com\\\/en\\\/\",\"logo\":{\"@type\":\"ImageObject\",\"inLanguage\":\"en-US\",\"@id\":\"https:\\\/\\\/www.pierre-amadieu.com\\\/en\\\/#\\\/schema\\\/logo\\\/image\\\/\",\"url\":\"https:\\\/\\\/www.pierre-amadieu.com\\\/wp-content\\\/uploads\\\/2018\\\/11\\\/logo-1.png\",\"contentUrl\":\"https:\\\/\\\/www.pierre-amadieu.com\\\/wp-content\\\/uploads\\\/2018\\\/11\\\/logo-1.png\",\"width\":282,\"height\":159,\"caption\":\"Pierre Amadieu\"},\"image\":{\"@id\":\"https:\\\/\\\/www.pierre-amadieu.com\\\/en\\\/#\\\/schema\\\/logo\\\/image\\\/\"},\"sameAs\":[\"https:\\\/\\\/www.facebook.com\\\/amadieu.pierre\",\"https:\\\/\\\/www.instagram.com\\\/pierreamadieu\\\/\",\"https:\\\/\\\/www.youtube.com\\\/channel\\\/UCrBhG6i2S7WZ9aUTsaFINow\"]}]}<\/script>\n<!-- \/ Yoast SEO plugin. -->","yoast_head_json":{"title":"Map of the Rhone Valley vineyards - Pierre Amadieu","robots":{"index":"index","follow":"follow","max-snippet":"max-snippet:-1","max-image-preview":"max-image-preview:large","max-video-preview":"max-video-preview:-1"},"canonical":"https:\/\/www.pierre-amadieu.com\/en\/our-wines-from-gigondas-and-the-rhone-valley\/map-of-the-rhone-valley-vineyards\/","og_locale":"en_US","og_type":"article","og_title":"Map of the Rhone Valley vineyards - Pierre Amadieu","og_description":"Map of Rhone Valley vineyards Saint Joseph Vinsobres C\u00f4tes du Rh\u00f4ne Cairanne Gigondas Vacqueyras Beaumes de Venise Ch\u00e2teauneuf du Pape Tavel Ventoux Vin de Pays de Mediterran\u00e9e Saint Joseph Vinsobres C\u00f4tes du Rh\u00f4ne Cairanne Gigondas Vacqueyras Beaumes de Venise Ch\u00e2teauneuf du Pape Tavel Ventoux Vin de Pays de Mediterran\u00e9e","og_url":"https:\/\/www.pierre-amadieu.com\/en\/our-wines-from-gigondas-and-the-rhone-valley\/map-of-the-rhone-valley-vineyards\/","og_site_name":"Pierre Amadieu","article_publisher":"https:\/\/www.facebook.com\/amadieu.pierre","article_modified_time":"2019-12-18T16:37:51+00:00","twitter_card":"summary_large_image","schema":{"@context":"https:\/\/schema.org","@graph":[{"@type":"WebPage","@id":"https:\/\/www.pierre-amadieu.com\/en\/our-wines-from-gigondas-and-the-rhone-valley\/map-of-the-rhone-valley-vineyards\/","url":"https:\/\/www.pierre-amadieu.com\/en\/our-wines-from-gigondas-and-the-rhone-valley\/map-of-the-rhone-valley-vineyards\/","name":"Map of the Rhone Valley vineyards - Pierre Amadieu","isPartOf":{"@id":"https:\/\/www.pierre-amadieu.com\/en\/#website"},"datePublished":"2019-11-20T08:59:04+00:00","dateModified":"2019-12-18T16:37:51+00:00","breadcrumb":{"@id":"https:\/\/www.pierre-amadieu.com\/en\/our-wines-from-gigondas-and-the-rhone-valley\/map-of-the-rhone-valley-vineyards\/#breadcrumb"},"inLanguage":"en-US","potentialAction":[{"@type":"ReadAction","target":["https:\/\/www.pierre-amadieu.com\/en\/our-wines-from-gigondas-and-the-rhone-valley\/map-of-the-rhone-valley-vineyards\/"]}]},{"@type":"BreadcrumbList","@id":"https:\/\/www.pierre-amadieu.com\/en\/our-wines-from-gigondas-and-the-rhone-valley\/map-of-the-rhone-valley-vineyards\/#breadcrumb","itemListElement":[{"@type":"ListItem","position":1,"name":"Accueil","item":"https:\/\/www.pierre-amadieu.com\/en\/"},{"@type":"ListItem","position":2,"name":"Our Wines","item":"https:\/\/www.pierre-amadieu.com\/en\/our-wines-from-gigondas-and-the-rhone-valley\/"},{"@type":"ListItem","position":3,"name":"Map of the Rhone Valley vineyards"}]},{"@type":"WebSite","@id":"https:\/\/www.pierre-amadieu.com\/en\/#website","url":"https:\/\/www.pierre-amadieu.com\/en\/","name":"Pierre Amadieu","description":"","publisher":{"@id":"https:\/\/www.pierre-amadieu.com\/en\/#organization"},"potentialAction":[{"@type":"SearchAction","target":{"@type":"EntryPoint","urlTemplate":"https:\/\/www.pierre-amadieu.com\/en\/?s={search_term_string}"},"query-input":{"@type":"PropertyValueSpecification","valueRequired":true,"valueName":"search_term_string"}}],"inLanguage":"en-US"},{"@type":"Organization","@id":"https:\/\/www.pierre-amadieu.com\/en\/#organization","name":"Pierre Amadieu","url":"https:\/\/www.pierre-amadieu.com\/en\/","logo":{"@type":"ImageObject","inLanguage":"en-US","@id":"https:\/\/www.pierre-amadieu.com\/en\/#\/schema\/logo\/image\/","url":"https:\/\/www.pierre-amadieu.com\/wp-content\/uploads\/2018\/11\/logo-1.png","contentUrl":"https:\/\/www.pierre-amadieu.com\/wp-content\/uploads\/2018\/11\/logo-1.png","width":282,"height":159,"caption":"Pierre Amadieu"},"image":{"@id":"https:\/\/www.pierre-amadieu.com\/en\/#\/schema\/logo\/image\/"},"sameAs":["https:\/\/www.facebook.com\/amadieu.pierre","https:\/\/www.instagram.com\/pierreamadieu\/","https:\/\/www.youtube.com\/channel\/UCrBhG6i2S7WZ9aUTsaFINow"]}]}},"_links":{"self":[{"href":"https:\/\/www.pierre-amadieu.com\/en\/wp-json\/wp\/v2\/pages\/4686","targetHints":{"allow":["GET"]}}],"collection":[{"href":"https:\/\/www.pierre-amadieu.com\/en\/wp-json\/wp\/v2\/pages"}],"about":[{"href":"https:\/\/www.pierre-amadieu.com\/en\/wp-json\/wp\/v2\/types\/page"}],"author":[{"embeddable":true,"href":"https:\/\/www.pierre-amadieu.com\/en\/wp-json\/wp\/v2\/users\/5"}],"replies":[{"embeddable":true,"href":"https:\/\/www.pierre-amadieu.com\/en\/wp-json\/wp\/v2\/comments?post=4686"}],"version-history":[{"count":5,"href":"https:\/\/www.pierre-amadieu.com\/en\/wp-json\/wp\/v2\/pages\/4686\/revisions"}],"predecessor-version":[{"id":5856,"href":"https:\/\/www.pierre-amadieu.com\/en\/wp-json\/wp\/v2\/pages\/4686\/revisions\/5856"}],"up":[{"embeddable":true,"href":"https:\/\/www.pierre-amadieu.com\/en\/wp-json\/wp\/v2\/pages\/2135"}],"wp:attachment":[{"href":"https:\/\/www.pierre-amadieu.com\/en\/wp-json\/wp\/v2\/media?parent=4686"}],"curies":[{"name":"wp","href":"https:\/\/api.w.org\/{rel}","templated":true}]}}