{"id":5332,"date":"2019-12-12T17:41:08","date_gmt":"2019-12-12T16:41:08","guid":{"rendered":"https:\/\/www.pierre-amadieu.com\/news\/fairs\/"},"modified":"2026-01-15T11:57:38","modified_gmt":"2026-01-15T10:57:38","slug":"wine-fairs-winery-producer-in-gigondas-rhone-valley","status":"publish","type":"page","link":"https:\/\/www.pierre-amadieu.com\/en\/news-from-our-winery-gigondas-wine\/wine-fairs-winery-producer-in-gigondas-rhone-valley\/","title":{"rendered":"Fairs"},"content":{"rendered":"\t\t<div data-elementor-type=\"wp-post\" data-elementor-id=\"5332\" class=\"elementor elementor-5332 elementor-2717\" data-elementor-post-type=\"page\">\n\t\t\t\t\t\t<section class=\"elementor-section elementor-top-section elementor-element elementor-element-25832af3 elementor-section-stretched elementor-section-boxed elementor-section-height-default elementor-section-height-default\" data-id=\"25832af3\" data-element_type=\"section\" data-e-type=\"section\" data-settings=\"{&quot;stretch_section&quot;:&quot;section-stretched&quot;,&quot;background_background&quot;:&quot;classic&quot;}\">\n\t\t\t\t\t\t<div class=\"elementor-container elementor-column-gap-default\">\n\t\t\t\t\t<div class=\"elementor-column elementor-col-100 elementor-top-column elementor-element elementor-element-4f11a073\" data-id=\"4f11a073\" data-element_type=\"column\" data-e-type=\"column\">\n\t\t\t<div class=\"elementor-widget-wrap elementor-element-populated\">\n\t\t\t\t\t\t<div class=\"elementor-element elementor-element-42e7e787 elementor-widget elementor-widget-heading\" data-id=\"42e7e787\" data-element_type=\"widget\" data-e-type=\"widget\" data-widget_type=\"heading.default\">\n\t\t\t\t<div class=\"elementor-widget-container\">\n\t\t\t\t\t<h1 class=\"elementor-heading-title elementor-size-default\">Fairs<\/h1>\t\t\t\t<\/div>\n\t\t\t\t<\/div>\n\t\t\t\t<div class=\"elementor-element elementor-element-1018b16d elementor-widget-divider--view-line elementor-widget elementor-widget-divider\" data-id=\"1018b16d\" data-element_type=\"widget\" data-e-type=\"widget\" data-widget_type=\"divider.default\">\n\t\t\t\t<div class=\"elementor-widget-container\">\n\t\t\t\t\t\t\t<div class=\"elementor-divider\">\n\t\t\t<span class=\"elementor-divider-separator\">\n\t\t\t\t\t\t<\/span>\n\t\t<\/div>\n\t\t\t\t\t\t<\/div>\n\t\t\t\t<\/div>\n\t\t\t\t\t<\/div>\n\t\t<\/div>\n\t\t\t\t\t<\/div>\n\t\t<\/section>\n\t\t\t\t<section class=\"elementor-section elementor-top-section elementor-element elementor-element-cd274a7 elementor-section-stretched elementor-section-boxed elementor-section-height-default elementor-section-height-default\" data-id=\"cd274a7\" data-element_type=\"section\" data-e-type=\"section\" data-settings=\"{&quot;stretch_section&quot;:&quot;section-stretched&quot;,&quot;background_background&quot;:&quot;classic&quot;}\">\n\t\t\t\t\t\t<div class=\"elementor-container elementor-column-gap-default\">\n\t\t\t\t\t<div class=\"elementor-column elementor-col-100 elementor-top-column elementor-element elementor-element-7c95cb3\" data-id=\"7c95cb3\" data-element_type=\"column\" data-e-type=\"column\">\n\t\t\t<div class=\"elementor-widget-wrap elementor-element-populated\">\n\t\t\t\t\t\t<div class=\"elementor-element elementor-element-7a3076c elementor-widget elementor-widget-heading\" data-id=\"7a3076c\" data-element_type=\"widget\" data-e-type=\"widget\" data-widget_type=\"heading.default\">\n\t\t\t\t<div class=\"elementor-widget-container\">\n\t\t\t\t\t<h2 class=\"elementor-heading-title elementor-size-default\">Our next meetings :<\/h2>\t\t\t\t<\/div>\n\t\t\t\t<\/div>\n\t\t\t\t<section class=\"elementor-section elementor-inner-section elementor-element elementor-element-12c3885 elementor-section-boxed elementor-section-height-default elementor-section-height-default\" data-id=\"12c3885\" data-element_type=\"section\" data-e-type=\"section\" data-settings=\"{&quot;background_background&quot;:&quot;classic&quot;}\">\n\t\t\t\t\t\t<div class=\"elementor-container elementor-column-gap-default\">\n\t\t\t\t\t<div class=\"elementor-column elementor-col-50 elementor-inner-column elementor-element elementor-element-7178257\" data-id=\"7178257\" data-element_type=\"column\" data-e-type=\"column\">\n\t\t\t<div class=\"elementor-widget-wrap elementor-element-populated\">\n\t\t\t\t\t\t<div class=\"elementor-element elementor-element-e79a27b elementor-widget elementor-widget-text-editor\" data-id=\"e79a27b\" data-element_type=\"widget\" data-e-type=\"widget\" data-widget_type=\"text-editor.default\">\n\t\t\t\t<div class=\"elementor-widget-container\">\n\t\t\t\t\t\t\t\t\t<p><strong><u>Salons des Vignerons Ind\u00e9pendants<\/u><br \/><\/strong><\/p><p><strong>Lyon<\/strong> &#8211; October 2025<\/p><p><strong>Reims<\/strong> &#8211; November 2025<\/p><p><strong>Lille<\/strong> &#8211; November 2025<\/p><p><strong>Paris<\/strong> &#8211; November 2025<\/p><p><strong>Strasbourg<\/strong> &#8211; February 2026<\/p><p>\u00a0<\/p>\t\t\t\t\t\t\t\t<\/div>\n\t\t\t\t<\/div>\n\t\t\t\t\t<\/div>\n\t\t<\/div>\n\t\t\t\t<div class=\"elementor-column elementor-col-50 elementor-inner-column elementor-element elementor-element-8f2a34d\" data-id=\"8f2a34d\" data-element_type=\"column\" data-e-type=\"column\">\n\t\t\t<div class=\"elementor-widget-wrap elementor-element-populated\">\n\t\t\t\t\t\t<div class=\"elementor-element elementor-element-308dbeb elementor-widget elementor-widget-text-editor\" data-id=\"308dbeb\" data-element_type=\"widget\" data-e-type=\"widget\" data-widget_type=\"text-editor.default\">\n\t\t\t\t<div class=\"elementor-widget-container\">\n\t\t\t\t\t\t\t\t\t<p><u><strong>Professional fairs<br \/><\/strong><\/u><\/p><p><strong>D\u00e9couvertes en Vall\u00e9e du Rh\u00f4ne<\/strong> &#8211; 1st April 2025 &#8211; <strong><em>Stand C17<\/em><\/strong><\/p><p><strong>Grand Tasting<\/strong> &#8211; December 2025<\/p><p><strong>Mill\u00e9sime bio<\/strong> &#8211; January 2026<\/p><p><strong>Wine Paris<\/strong> &#8211; February 2026<\/p><p><strong>Prowein<\/strong> &#8211; March 2026<\/p><p>\u00a0<\/p>\t\t\t\t\t\t\t\t<\/div>\n\t\t\t\t<\/div>\n\t\t\t\t\t<\/div>\n\t\t<\/div>\n\t\t\t\t\t<\/div>\n\t\t<\/section>\n\t\t\t\t<div class=\"elementor-element elementor-element-fe21df2 elementor-widget elementor-widget-spacer\" data-id=\"fe21df2\" data-element_type=\"widget\" data-e-type=\"widget\" data-widget_type=\"spacer.default\">\n\t\t\t\t<div class=\"elementor-widget-container\">\n\t\t\t\t\t\t\t<div class=\"elementor-spacer\">\n\t\t\t<div class=\"elementor-spacer-inner\"><\/div>\n\t\t<\/div>\n\t\t\t\t\t\t<\/div>\n\t\t\t\t<\/div>\n\t\t\t\t<section class=\"elementor-section elementor-inner-section elementor-element elementor-element-b8b7be0 elementor-section-boxed elementor-section-height-default elementor-section-height-default\" data-id=\"b8b7be0\" data-element_type=\"section\" data-e-type=\"section\" data-settings=\"{&quot;background_background&quot;:&quot;classic&quot;}\">\n\t\t\t\t\t\t<div class=\"elementor-container elementor-column-gap-default\">\n\t\t\t\t\t<div class=\"elementor-column elementor-col-100 elementor-inner-column elementor-element elementor-element-d429184\" data-id=\"d429184\" data-element_type=\"column\" data-e-type=\"column\">\n\t\t\t<div class=\"elementor-widget-wrap elementor-element-populated\">\n\t\t\t\t\t\t<div class=\"elementor-element elementor-element-e4a31dc elementor-widget elementor-widget-text-editor\" data-id=\"e4a31dc\" data-element_type=\"widget\" data-e-type=\"widget\" data-widget_type=\"text-editor.default\">\n\t\t\t\t<div class=\"elementor-widget-container\">\n\t\t\t\t\t\t\t\t\t<p>Would you like to receive invitations to the <strong>Vignerons Ind\u00e9pendants<\/strong>&#8216; fairs in which we participate with Domaine Grand Romane? All you have to do is ask!<\/p>\n\t\t\t\t\t\t\t\t<\/div>\n\t\t\t\t<\/div>\n\t\t\t\t<div class=\"elementor-element elementor-element-cbbb434 elementor-button-align-stretch elementor-widget elementor-widget-form\" data-id=\"cbbb434\" data-element_type=\"widget\" data-e-type=\"widget\" data-settings=\"{&quot;button_width&quot;:&quot;25&quot;,&quot;step_next_label&quot;:&quot;Suivant&quot;,&quot;step_previous_label&quot;:&quot;Pr\\u00e9c\\u00e9dent&quot;,&quot;step_type&quot;:&quot;number_text&quot;,&quot;step_icon_shape&quot;:&quot;circle&quot;}\" data-widget_type=\"form.default\">\n\t\t\t\t<div class=\"elementor-widget-container\">\n\t\t\t\t\t\t\t<form class=\"elementor-form\" method=\"post\" name=\"Receive invitation for the Vignerons Ind\u00e9pendants&#039; fairs\" aria-label=\"Receive invitation for the Vignerons Ind\u00e9pendants&#039; fairs\">\n\t\t\t<input type=\"hidden\" name=\"post_id\" value=\"5332\"\/>\n\t\t\t<input type=\"hidden\" name=\"form_id\" value=\"cbbb434\"\/>\n\t\t\t<input type=\"hidden\" name=\"referer_title\" value=\"Wine Fairs Winery Producer in Gigondas Rh\u00f4ne Valley - Pierre Amadieu\" \/>\n\n\t\t\t\t\t\t\t<input type=\"hidden\" name=\"queried_id\" value=\"5332\"\/>\n\t\t\t\n\t\t\t<div class=\"elementor-form-fields-wrapper elementor-labels-\">\n\t\t\t\t\t\t\t\t<div class=\"elementor-field-type-text elementor-field-group elementor-column elementor-field-group-name elementor-col-25 elementor-field-required\">\n\t\t\t\t\t\t\t\t\t\t\t\t<label for=\"form-field-name\" class=\"elementor-field-label elementor-screen-only\">\n\t\t\t\t\t\t\t\tLastname\t\t\t\t\t\t\t<\/label>\n\t\t\t\t\t\t\t\t\t\t\t\t\t\t<input size=\"1\" type=\"text\" name=\"form_fields[name]\" id=\"form-field-name\" class=\"elementor-field elementor-size-sm  elementor-field-textual\" placeholder=\"Lastname\" required=\"required\">\n\t\t\t\t\t\t\t\t\t\t\t<\/div>\n\t\t\t\t\t\t\t\t<div class=\"elementor-field-type-email elementor-field-group elementor-column elementor-field-group-email elementor-col-33 elementor-field-required\">\n\t\t\t\t\t\t\t\t\t\t\t\t<label for=\"form-field-email\" class=\"elementor-field-label elementor-screen-only\">\n\t\t\t\t\t\t\t\tMail\t\t\t\t\t\t\t<\/label>\n\t\t\t\t\t\t\t\t\t\t\t\t\t\t<input size=\"1\" type=\"email\" name=\"form_fields[email]\" id=\"form-field-email\" class=\"elementor-field elementor-size-sm  elementor-field-textual\" placeholder=\"Mail\" required=\"required\">\n\t\t\t\t\t\t\t\t\t\t\t<\/div>\n\t\t\t\t\t\t\t\t<div class=\"elementor-field-type-radio elementor-field-group elementor-column elementor-field-group-7d3f205 elementor-col-100\">\n\t\t\t\t\t\t\t\t\t\t\t\t<label for=\"form-field-7d3f205\" class=\"elementor-field-label elementor-screen-only\">\n\t\t\t\t\t\t\t\tFairs\t\t\t\t\t\t\t<\/label>\n\t\t\t\t\t\t<div class=\"elementor-field-subgroup  elementor-subgroup-inline\"><span class=\"elementor-field-option\"><input type=\"radio\" value=\"Lyon\" id=\"form-field-7d3f205-0\" name=\"form_fields[7d3f205]\"> <label for=\"form-field-7d3f205-0\">Lyon<\/label><\/span><span class=\"elementor-field-option\"><input type=\"radio\" value=\"Reims\" id=\"form-field-7d3f205-1\" name=\"form_fields[7d3f205]\"> <label for=\"form-field-7d3f205-1\">Reims<\/label><\/span><span class=\"elementor-field-option\"><input type=\"radio\" value=\"Lille\" id=\"form-field-7d3f205-2\" name=\"form_fields[7d3f205]\"> <label for=\"form-field-7d3f205-2\">Lille<\/label><\/span><span class=\"elementor-field-option\"><input type=\"radio\" value=\"Paris\" id=\"form-field-7d3f205-3\" name=\"form_fields[7d3f205]\"> <label for=\"form-field-7d3f205-3\">Paris<\/label><\/span><span class=\"elementor-field-option\"><input type=\"radio\" value=\"Strasbourg\" id=\"form-field-7d3f205-4\" name=\"form_fields[7d3f205]\"> <label for=\"form-field-7d3f205-4\">Strasbourg<\/label><\/span><span class=\"elementor-field-option\"><input type=\"radio\" value=\"Bordeaux\" id=\"form-field-7d3f205-5\" name=\"form_fields[7d3f205]\"> <label for=\"form-field-7d3f205-5\">Bordeaux<\/label><\/span><\/div>\t\t\t\t<\/div>\n\t\t\t\t\t\t\t\t<div class=\"elementor-field-group elementor-column elementor-field-type-submit elementor-col-25 e-form__buttons\">\n\t\t\t\t\t<button class=\"elementor-button elementor-size-sm\" type=\"submit\">\n\t\t\t\t\t\t<span class=\"elementor-button-content-wrapper\">\n\t\t\t\t\t\t\t\t\t\t\t\t\t\t\t\t\t\t\t\t\t\t<span class=\"elementor-button-text\">Send<\/span>\n\t\t\t\t\t\t\t\t\t\t\t\t\t<\/span>\n\t\t\t\t\t<\/button>\n\t\t\t\t<\/div>\n\t\t\t<\/div>\n\t\t<\/form>\n\t\t\t\t\t\t<\/div>\n\t\t\t\t<\/div>\n\t\t\t\t\t<\/div>\n\t\t<\/div>\n\t\t\t\t\t<\/div>\n\t\t<\/section>\n\t\t\t\t<div class=\"elementor-element elementor-element-a9e8abb elementor-widget elementor-widget-spacer\" data-id=\"a9e8abb\" data-element_type=\"widget\" data-e-type=\"widget\" data-widget_type=\"spacer.default\">\n\t\t\t\t<div class=\"elementor-widget-container\">\n\t\t\t\t\t\t\t<div class=\"elementor-spacer\">\n\t\t\t<div class=\"elementor-spacer-inner\"><\/div>\n\t\t<\/div>\n\t\t\t\t\t\t<\/div>\n\t\t\t\t<\/div>\n\t\t\t\t\t<\/div>\n\t\t<\/div>\n\t\t\t\t\t<\/div>\n\t\t<\/section>\n\t\t\t\t<section class=\"elementor-section elementor-top-section elementor-element elementor-element-eb83ff8 elementor-section-stretched elementor-section-boxed elementor-section-height-default elementor-section-height-default\" data-id=\"eb83ff8\" data-element_type=\"section\" data-e-type=\"section\" data-settings=\"{&quot;stretch_section&quot;:&quot;section-stretched&quot;,&quot;background_background&quot;:&quot;classic&quot;}\">\n\t\t\t\t\t\t<div class=\"elementor-container elementor-column-gap-default\">\n\t\t\t\t\t<div class=\"elementor-column elementor-col-100 elementor-top-column elementor-element elementor-element-2d03d6db\" data-id=\"2d03d6db\" data-element_type=\"column\" data-e-type=\"column\">\n\t\t\t<div class=\"elementor-widget-wrap elementor-element-populated\">\n\t\t\t\t\t\t<div class=\"elementor-element elementor-element-357b5ce0 elementor-widget elementor-widget-spacer\" data-id=\"357b5ce0\" data-element_type=\"widget\" data-e-type=\"widget\" data-widget_type=\"spacer.default\">\n\t\t\t\t<div class=\"elementor-widget-container\">\n\t\t\t\t\t\t\t<div class=\"elementor-spacer\">\n\t\t\t<div class=\"elementor-spacer-inner\"><\/div>\n\t\t<\/div>\n\t\t\t\t\t\t<\/div>\n\t\t\t\t<\/div>\n\t\t\t\t\t<\/div>\n\t\t<\/div>\n\t\t\t\t\t<\/div>\n\t\t<\/section>\n\t\t\t\t<\/div>\n\t\t","protected":false},"excerpt":{"rendered":"<p>Fairs Our next meetings : Salons des Vignerons Ind\u00e9pendants Lyon &#8211; October 2025 Reims &#8211; November 2025 Lille &#8211; November 2025 Paris &#8211; November 2025 Strasbourg &#8211; February 2026 \u00a0 Professional fairs D\u00e9couvertes en Vall\u00e9e du Rh\u00f4ne &#8211; 1st April 2025 &#8211; Stand C17 Grand Tasting &#8211; December 2025 Mill\u00e9sime bio &#8211; January 2026 Wine [&hellip;]<\/p>\n","protected":false},"author":3,"featured_media":0,"parent":2132,"menu_order":0,"comment_status":"closed","ping_status":"closed","template":"","meta":{"_acf_changed":false,"ocean_post_layout":"","ocean_both_sidebars_style":"","ocean_both_sidebars_content_width":0,"ocean_both_sidebars_sidebars_width":0,"ocean_sidebar":"","ocean_second_sidebar":"","ocean_disable_margins":"enable","ocean_add_body_class":"","ocean_shortcode_before_top_bar":"","ocean_shortcode_after_top_bar":"","ocean_shortcode_before_header":"","ocean_shortcode_after_header":"","ocean_has_shortcode":"","ocean_shortcode_after_title":"","ocean_shortcode_before_footer_widgets":"","ocean_shortcode_after_footer_widgets":"","ocean_shortcode_before_footer_bottom":"","ocean_shortcode_after_footer_bottom":"","ocean_display_top_bar":"default","ocean_display_header":"default","ocean_header_style":"","ocean_center_header_left_menu":"","ocean_custom_header_template":"","ocean_custom_logo":0,"ocean_custom_retina_logo":0,"ocean_custom_logo_max_width":0,"ocean_custom_logo_tablet_max_width":0,"ocean_custom_logo_mobile_max_width":0,"ocean_custom_logo_max_height":0,"ocean_custom_logo_tablet_max_height":0,"ocean_custom_logo_mobile_max_height":0,"ocean_header_custom_menu":"","ocean_menu_typo_font_family":"","ocean_menu_typo_font_subset":"","ocean_menu_typo_font_size":0,"ocean_menu_typo_font_size_tablet":0,"ocean_menu_typo_font_size_mobile":0,"ocean_menu_typo_font_size_unit":"px","ocean_menu_typo_font_weight":"","ocean_menu_typo_font_weight_tablet":"","ocean_menu_typo_font_weight_mobile":"","ocean_menu_typo_transform":"","ocean_menu_typo_transform_tablet":"","ocean_menu_typo_transform_mobile":"","ocean_menu_typo_line_height":0,"ocean_menu_typo_line_height_tablet":0,"ocean_menu_typo_line_height_mobile":0,"ocean_menu_typo_line_height_unit":"","ocean_menu_typo_spacing":0,"ocean_menu_typo_spacing_tablet":0,"ocean_menu_typo_spacing_mobile":0,"ocean_menu_typo_spacing_unit":"","ocean_menu_link_color":"","ocean_menu_link_color_hover":"","ocean_menu_link_color_active":"","ocean_menu_link_background":"","ocean_menu_link_hover_background":"","ocean_menu_link_active_background":"","ocean_menu_social_links_bg":"","ocean_menu_social_hover_links_bg":"","ocean_menu_social_links_color":"","ocean_menu_social_hover_links_color":"","ocean_disable_title":"default","ocean_disable_heading":"default","ocean_post_title":"","ocean_post_subheading":"","ocean_post_title_style":"","ocean_post_title_background_color":"","ocean_post_title_background":0,"ocean_post_title_bg_image_position":"","ocean_post_title_bg_image_attachment":"","ocean_post_title_bg_image_repeat":"","ocean_post_title_bg_image_size":"","ocean_post_title_height":0,"ocean_post_title_bg_overlay":0.5,"ocean_post_title_bg_overlay_color":"","ocean_disable_breadcrumbs":"default","ocean_breadcrumbs_color":"","ocean_breadcrumbs_separator_color":"","ocean_breadcrumbs_links_color":"","ocean_breadcrumbs_links_hover_color":"","ocean_display_footer_widgets":"default","ocean_display_footer_bottom":"default","ocean_custom_footer_template":"","footnotes":""},"class_list":["post-5332","page","type-page","status-publish","hentry","entry"],"acf":[],"yoast_head":"<!-- This site is optimized with the Yoast SEO plugin v27.3 - https:\/\/yoast.com\/product\/yoast-seo-wordpress\/ -->\n<title>Wine Fairs Winery Producer in Gigondas Rh\u00f4ne Valley - Pierre Amadieu<\/title>\n<meta name=\"robots\" content=\"index, follow, max-snippet:-1, max-image-preview:large, max-video-preview:-1\" \/>\n<link rel=\"canonical\" href=\"https:\/\/www.pierre-amadieu.com\/en\/news-from-our-winery-gigondas-wine\/wine-fairs-winery-producer-in-gigondas-rhone-valley\/\" \/>\n<meta property=\"og:locale\" content=\"en_US\" \/>\n<meta property=\"og:type\" content=\"article\" \/>\n<meta property=\"og:title\" content=\"Wine Fairs Winery Producer in Gigondas Rh\u00f4ne Valley - Pierre Amadieu\" \/>\n<meta property=\"og:description\" content=\"Fairs Our next meetings : Salons des Vignerons Ind\u00e9pendants Lyon &#8211; October 2025 Reims &#8211; November 2025 Lille &#8211; November 2025 Paris &#8211; November 2025 Strasbourg &#8211; February 2026 \u00a0 Professional fairs D\u00e9couvertes en Vall\u00e9e du Rh\u00f4ne &#8211; 1st April 2025 &#8211; Stand C17 Grand Tasting &#8211; December 2025 Mill\u00e9sime bio &#8211; January 2026 Wine [&hellip;]\" \/>\n<meta property=\"og:url\" content=\"https:\/\/www.pierre-amadieu.com\/en\/news-from-our-winery-gigondas-wine\/wine-fairs-winery-producer-in-gigondas-rhone-valley\/\" \/>\n<meta property=\"og:site_name\" content=\"Pierre Amadieu\" \/>\n<meta property=\"article:publisher\" content=\"https:\/\/www.facebook.com\/amadieu.pierre\" \/>\n<meta property=\"article:modified_time\" content=\"2026-01-15T10:57:38+00:00\" \/>\n<meta name=\"twitter:card\" content=\"summary_large_image\" \/>\n<meta name=\"twitter:label1\" content=\"Est. reading time\" \/>\n\t<meta name=\"twitter:data1\" content=\"2 minutes\" \/>\n<script type=\"application\/ld+json\" class=\"yoast-schema-graph\">{\"@context\":\"https:\\\/\\\/schema.org\",\"@graph\":[{\"@type\":\"WebPage\",\"@id\":\"https:\\\/\\\/www.pierre-amadieu.com\\\/en\\\/news-from-our-winery-gigondas-wine\\\/wine-fairs-winery-producer-in-gigondas-rhone-valley\\\/\",\"url\":\"https:\\\/\\\/www.pierre-amadieu.com\\\/en\\\/news-from-our-winery-gigondas-wine\\\/wine-fairs-winery-producer-in-gigondas-rhone-valley\\\/\",\"name\":\"Wine Fairs Winery Producer in Gigondas Rh\u00f4ne Valley - Pierre Amadieu\",\"isPartOf\":{\"@id\":\"https:\\\/\\\/www.pierre-amadieu.com\\\/en\\\/#website\"},\"datePublished\":\"2019-12-12T16:41:08+00:00\",\"dateModified\":\"2026-01-15T10:57:38+00:00\",\"breadcrumb\":{\"@id\":\"https:\\\/\\\/www.pierre-amadieu.com\\\/en\\\/news-from-our-winery-gigondas-wine\\\/wine-fairs-winery-producer-in-gigondas-rhone-valley\\\/#breadcrumb\"},\"inLanguage\":\"en-US\",\"potentialAction\":[{\"@type\":\"ReadAction\",\"target\":[\"https:\\\/\\\/www.pierre-amadieu.com\\\/en\\\/news-from-our-winery-gigondas-wine\\\/wine-fairs-winery-producer-in-gigondas-rhone-valley\\\/\"]}]},{\"@type\":\"BreadcrumbList\",\"@id\":\"https:\\\/\\\/www.pierre-amadieu.com\\\/en\\\/news-from-our-winery-gigondas-wine\\\/wine-fairs-winery-producer-in-gigondas-rhone-valley\\\/#breadcrumb\",\"itemListElement\":[{\"@type\":\"ListItem\",\"position\":1,\"name\":\"Accueil\",\"item\":\"https:\\\/\\\/www.pierre-amadieu.com\\\/en\\\/\"},{\"@type\":\"ListItem\",\"position\":2,\"name\":\"Press &#038; News\",\"item\":\"https:\\\/\\\/www.pierre-amadieu.com\\\/en\\\/news-from-our-winery-gigondas-wine\\\/\"},{\"@type\":\"ListItem\",\"position\":3,\"name\":\"Fairs\"}]},{\"@type\":\"WebSite\",\"@id\":\"https:\\\/\\\/www.pierre-amadieu.com\\\/en\\\/#website\",\"url\":\"https:\\\/\\\/www.pierre-amadieu.com\\\/en\\\/\",\"name\":\"Pierre Amadieu\",\"description\":\"\",\"publisher\":{\"@id\":\"https:\\\/\\\/www.pierre-amadieu.com\\\/en\\\/#organization\"},\"potentialAction\":[{\"@type\":\"SearchAction\",\"target\":{\"@type\":\"EntryPoint\",\"urlTemplate\":\"https:\\\/\\\/www.pierre-amadieu.com\\\/en\\\/?s={search_term_string}\"},\"query-input\":{\"@type\":\"PropertyValueSpecification\",\"valueRequired\":true,\"valueName\":\"search_term_string\"}}],\"inLanguage\":\"en-US\"},{\"@type\":\"Organization\",\"@id\":\"https:\\\/\\\/www.pierre-amadieu.com\\\/en\\\/#organization\",\"name\":\"Pierre Amadieu\",\"url\":\"https:\\\/\\\/www.pierre-amadieu.com\\\/en\\\/\",\"logo\":{\"@type\":\"ImageObject\",\"inLanguage\":\"en-US\",\"@id\":\"https:\\\/\\\/www.pierre-amadieu.com\\\/en\\\/#\\\/schema\\\/logo\\\/image\\\/\",\"url\":\"https:\\\/\\\/www.pierre-amadieu.com\\\/wp-content\\\/uploads\\\/2018\\\/11\\\/logo-1.png\",\"contentUrl\":\"https:\\\/\\\/www.pierre-amadieu.com\\\/wp-content\\\/uploads\\\/2018\\\/11\\\/logo-1.png\",\"width\":282,\"height\":159,\"caption\":\"Pierre Amadieu\"},\"image\":{\"@id\":\"https:\\\/\\\/www.pierre-amadieu.com\\\/en\\\/#\\\/schema\\\/logo\\\/image\\\/\"},\"sameAs\":[\"https:\\\/\\\/www.facebook.com\\\/amadieu.pierre\",\"https:\\\/\\\/www.instagram.com\\\/pierreamadieu\\\/\",\"https:\\\/\\\/www.youtube.com\\\/channel\\\/UCrBhG6i2S7WZ9aUTsaFINow\"]}]}<\/script>\n<!-- \/ Yoast SEO plugin. -->","yoast_head_json":{"title":"Wine Fairs Winery Producer in Gigondas Rh\u00f4ne Valley - Pierre Amadieu","robots":{"index":"index","follow":"follow","max-snippet":"max-snippet:-1","max-image-preview":"max-image-preview:large","max-video-preview":"max-video-preview:-1"},"canonical":"https:\/\/www.pierre-amadieu.com\/en\/news-from-our-winery-gigondas-wine\/wine-fairs-winery-producer-in-gigondas-rhone-valley\/","og_locale":"en_US","og_type":"article","og_title":"Wine Fairs Winery Producer in Gigondas Rh\u00f4ne Valley - Pierre Amadieu","og_description":"Fairs Our next meetings : Salons des Vignerons Ind\u00e9pendants Lyon &#8211; October 2025 Reims &#8211; November 2025 Lille &#8211; November 2025 Paris &#8211; November 2025 Strasbourg &#8211; February 2026 \u00a0 Professional fairs D\u00e9couvertes en Vall\u00e9e du Rh\u00f4ne &#8211; 1st April 2025 &#8211; Stand C17 Grand Tasting &#8211; December 2025 Mill\u00e9sime bio &#8211; January 2026 Wine [&hellip;]","og_url":"https:\/\/www.pierre-amadieu.com\/en\/news-from-our-winery-gigondas-wine\/wine-fairs-winery-producer-in-gigondas-rhone-valley\/","og_site_name":"Pierre Amadieu","article_publisher":"https:\/\/www.facebook.com\/amadieu.pierre","article_modified_time":"2026-01-15T10:57:38+00:00","twitter_card":"summary_large_image","twitter_misc":{"Est. reading time":"2 minutes"},"schema":{"@context":"https:\/\/schema.org","@graph":[{"@type":"WebPage","@id":"https:\/\/www.pierre-amadieu.com\/en\/news-from-our-winery-gigondas-wine\/wine-fairs-winery-producer-in-gigondas-rhone-valley\/","url":"https:\/\/www.pierre-amadieu.com\/en\/news-from-our-winery-gigondas-wine\/wine-fairs-winery-producer-in-gigondas-rhone-valley\/","name":"Wine Fairs Winery Producer in Gigondas Rh\u00f4ne Valley - Pierre Amadieu","isPartOf":{"@id":"https:\/\/www.pierre-amadieu.com\/en\/#website"},"datePublished":"2019-12-12T16:41:08+00:00","dateModified":"2026-01-15T10:57:38+00:00","breadcrumb":{"@id":"https:\/\/www.pierre-amadieu.com\/en\/news-from-our-winery-gigondas-wine\/wine-fairs-winery-producer-in-gigondas-rhone-valley\/#breadcrumb"},"inLanguage":"en-US","potentialAction":[{"@type":"ReadAction","target":["https:\/\/www.pierre-amadieu.com\/en\/news-from-our-winery-gigondas-wine\/wine-fairs-winery-producer-in-gigondas-rhone-valley\/"]}]},{"@type":"BreadcrumbList","@id":"https:\/\/www.pierre-amadieu.com\/en\/news-from-our-winery-gigondas-wine\/wine-fairs-winery-producer-in-gigondas-rhone-valley\/#breadcrumb","itemListElement":[{"@type":"ListItem","position":1,"name":"Accueil","item":"https:\/\/www.pierre-amadieu.com\/en\/"},{"@type":"ListItem","position":2,"name":"Press &#038; News","item":"https:\/\/www.pierre-amadieu.com\/en\/news-from-our-winery-gigondas-wine\/"},{"@type":"ListItem","position":3,"name":"Fairs"}]},{"@type":"WebSite","@id":"https:\/\/www.pierre-amadieu.com\/en\/#website","url":"https:\/\/www.pierre-amadieu.com\/en\/","name":"Pierre Amadieu","description":"","publisher":{"@id":"https:\/\/www.pierre-amadieu.com\/en\/#organization"},"potentialAction":[{"@type":"SearchAction","target":{"@type":"EntryPoint","urlTemplate":"https:\/\/www.pierre-amadieu.com\/en\/?s={search_term_string}"},"query-input":{"@type":"PropertyValueSpecification","valueRequired":true,"valueName":"search_term_string"}}],"inLanguage":"en-US"},{"@type":"Organization","@id":"https:\/\/www.pierre-amadieu.com\/en\/#organization","name":"Pierre Amadieu","url":"https:\/\/www.pierre-amadieu.com\/en\/","logo":{"@type":"ImageObject","inLanguage":"en-US","@id":"https:\/\/www.pierre-amadieu.com\/en\/#\/schema\/logo\/image\/","url":"https:\/\/www.pierre-amadieu.com\/wp-content\/uploads\/2018\/11\/logo-1.png","contentUrl":"https:\/\/www.pierre-amadieu.com\/wp-content\/uploads\/2018\/11\/logo-1.png","width":282,"height":159,"caption":"Pierre Amadieu"},"image":{"@id":"https:\/\/www.pierre-amadieu.com\/en\/#\/schema\/logo\/image\/"},"sameAs":["https:\/\/www.facebook.com\/amadieu.pierre","https:\/\/www.instagram.com\/pierreamadieu\/","https:\/\/www.youtube.com\/channel\/UCrBhG6i2S7WZ9aUTsaFINow"]}]}},"_links":{"self":[{"href":"https:\/\/www.pierre-amadieu.com\/en\/wp-json\/wp\/v2\/pages\/5332","targetHints":{"allow":["GET"]}}],"collection":[{"href":"https:\/\/www.pierre-amadieu.com\/en\/wp-json\/wp\/v2\/pages"}],"about":[{"href":"https:\/\/www.pierre-amadieu.com\/en\/wp-json\/wp\/v2\/types\/page"}],"author":[{"embeddable":true,"href":"https:\/\/www.pierre-amadieu.com\/en\/wp-json\/wp\/v2\/users\/3"}],"replies":[{"embeddable":true,"href":"https:\/\/www.pierre-amadieu.com\/en\/wp-json\/wp\/v2\/comments?post=5332"}],"version-history":[{"count":5,"href":"https:\/\/www.pierre-amadieu.com\/en\/wp-json\/wp\/v2\/pages\/5332\/revisions"}],"predecessor-version":[{"id":17200,"href":"https:\/\/www.pierre-amadieu.com\/en\/wp-json\/wp\/v2\/pages\/5332\/revisions\/17200"}],"up":[{"embeddable":true,"href":"https:\/\/www.pierre-amadieu.com\/en\/wp-json\/wp\/v2\/pages\/2132"}],"wp:attachment":[{"href":"https:\/\/www.pierre-amadieu.com\/en\/wp-json\/wp\/v2\/media?parent=5332"}],"curies":[{"name":"wp","href":"https:\/\/api.w.org\/{rel}","templated":true}]}}